{"id":245878,"date":"2025-02-18T21:49:14","date_gmt":"2025-02-18T21:49:14","guid":{"rendered":"https:\/\/stowarzyszenienautica.pl\/?page_id=245878"},"modified":"2025-04-29T06:11:36","modified_gmt":"2025-04-29T06:11:36","slug":"zostan-nurkiem-hsa","status":"publish","type":"page","link":"https:\/\/stowarzyszenienautica.pl\/en\/zostan-nurkiem-hsa\/","title":{"rendered":"Become a HSA diver"},"content":{"rendered":"<p>[et_pb_section fb_built=&#8221;1&#8243; admin_label=&#8221;Header&#8221; module_id=&#8221;cntnt&#8221; _builder_version=&#8221;4.20.4&#8243; _module_preset=&#8221;6ef2a56c-79d6-4497-a890-db28d4ae94a7&#8243; background_color_gradient_stops=&#8221;gcid-d119accd-44d7-4f2f-b9d7-599c8463324b 0%|rgba(255,255,255,0) 50%|#015989 100%&#8221; locked=&#8221;off&#8221; collapsed=&#8221;on&#8221; global_colors_info=&#8221;{%22gcid-1f1bf5fb-a99d-4acc-8d9e-ddac074c158c%22:%91%22background_color_gradient_stops%22,%22background_color_gradient_stops%22%93,%22gcid-4c79ba3d-a281-4fb6-9b14-02f9a4c793f2%22:%91%22background_color_gradient_stops%22,%22background_color_gradient_stops%22%93,%22gcid-688c464a-d6f2-4296-b592-395352c71c79%22:%91%22background_color_gradient_stops%22,%22background_color_gradient_stops%22%93,%22gcid-d119accd-44d7-4f2f-b9d7-599c8463324b%22:%91%22background_color_gradient_stops%22,%22background_color_gradient_stops%22%93}&#8221;][et_pb_row _builder_version=&#8221;4.20.4&#8243; _module_preset=&#8221;123d0940-5161-4d86-b7c8-a0c2236bc7e2&#8243; custom_padding=&#8221;0px||15px|||&#8221; global_colors_info=&#8221;{}&#8221;][et_pb_column type=&#8221;4_4&#8243; _builder_version=&#8221;4.20.4&#8243; _module_preset=&#8221;default&#8221; background_enable_color=&#8221;off&#8221; custom_padding=&#8221;||||false|false&#8221; border_radii=&#8221;off|20px|20px||&#8221; global_colors_info=&#8221;{}&#8221;][et_pb_text _builder_version=&#8221;4.20.4&#8243; _module_preset=&#8221;431d1a3e-b65b-4505-87e0-0e99aa205f7f&#8221; locked=&#8221;off&#8221; global_colors_info=&#8221;{}&#8221;]<\/p>\n<h2 style=\"text-align: left;\">Become a HSA diver<\/h2>\n<p>[\/et_pb_text][et_pb_text _builder_version=&#8221;4.20.4&#8243; _module_preset=&#8221;02eeced3-2a8d-4ae7-8cf6-717a040a0f56&#8243; global_colors_info=&#8221;{}&#8221;]<\/p>\n<p style=\"text-align: left;\">Anyone can experience an underwater adventure, whether they are a person with or without a disability<\/p>\n<p>[\/et_pb_text][\/et_pb_column][\/et_pb_row][\/et_pb_section][et_pb_section fb_built=&#8221;1&#8243; admin_label=&#8221;About&#8221; _builder_version=&#8221;4.25.2&#8243; _module_preset=&#8221;default&#8221; background_color=&#8221;gcid-2352d280-fe84-43b1-a71e-f400c35a526a&#8221; custom_margin=&#8221;||||false&#8221; custom_padding=&#8221;13px||13px||true|false&#8221; locked=&#8221;off&#8221; collapsed=&#8221;on&#8221; global_colors_info=&#8221;{%22gcid-2352d280-fe84-43b1-a71e-f400c35a526a%22:%91%22background_color%22%93}&#8221;][et_pb_row _builder_version=&#8221;4.20.4&#8243; _module_preset=&#8221;default&#8221; global_colors_info=&#8221;{}&#8221;][et_pb_column type=&#8221;4_4&#8243; _builder_version=&#8221;4.20.4&#8243; _module_preset=&#8221;default&#8221; global_colors_info=&#8221;{}&#8221;][et_pb_text _builder_version=&#8221;4.20.4&#8243; _module_preset=&#8221;default&#8221; link_text_color=&#8221;gcid-3483cca2-7889-4cd9-9424-1846d84f0496&#8243; global_colors_info=&#8221;{}&#8221;]<\/p>\n<p>Find out how easy it is. The most important thing is your willingness and the absence of medical contraindications. Click below to find out more.<\/p>\n<p>[\/et_pb_text][\/et_pb_column][\/et_pb_row][\/et_pb_section][et_pb_section fb_built=&#8221;1&#8243; admin_label=&#8221;About&#8221; _builder_version=&#8221;4.25.2&#8243; _module_preset=&#8221;default&#8221; background_color=&#8221;gcid-2352d280-fe84-43b1-a71e-f400c35a526a&#8221; custom_margin=&#8221;||||false&#8221; custom_padding=&#8221;||||true|false&#8221; locked=&#8221;off&#8221; collapsed=&#8221;on&#8221; global_colors_info=&#8221;{%22gcid-2352d280-fe84-43b1-a71e-f400c35a526a%22:%91%22background_color%22%93}&#8221;][et_pb_row _builder_version=&#8221;4.20.4&#8243; _module_preset=&#8221;default&#8221; global_colors_info=&#8221;{}&#8221;][et_pb_column type=&#8221;4_4&#8243; _builder_version=&#8221;4.17.6&#8243; _module_preset=&#8221;default&#8221; global_colors_info=&#8221;{}&#8221;][digr_inline_popup grid_gap=&#8221;50px&#8221; display_image_width=&#8221;364px&#8221; display_image_height=&#8221;292px&#8221; enable_display_image_overlay=&#8221;on&#8221; display_image_overlay_text=&#8221;View Details&#8221; display_image_overlay_style=&#8221;zoom_in&#8221; display_image_overlay_bgcolor=&#8221;rgba(0,0,0,0.47)&#8221; inlinepopup_background_bgcolor=&#8221;gcid-fda550d0-969f-4634-bbfc-26f6bc54317e&#8221; image_position=&#8221;row&#8221; popup_image_width=&#8221;500px&#8221; popup_image_height=&#8221;330px&#8221; top_bar_color=&#8221;rgba(0,0,0,0.29)&#8221; top_arrow_color=&#8221;rgba(0,0,0,0.46)&#8221; close_icon_color=&#8221;#FFFFFF&#8221; enable_popup_image_style=&#8221;on&#8221; popup_image_style=&#8221;&#8211;pentagon&#8221; display_item_container_spacing_padding=&#8221;0px|0px||0px|false|false&#8221; display_image_container_spacing_margin=&#8221;||20px||false|false&#8221; popup_subtitle_padding=&#8221;||||false|false&#8221; grid_column_tablet=&#8221;2&#8243; grid_column_phone=&#8221;1&#8243; grid_column_last_edited=&#8221;on|phone&#8221; grid_gap_tablet=&#8221;50px&#8221; grid_gap_phone=&#8221;31px&#8221; grid_gap_last_edited=&#8221;on|phone&#8221; display_image_width_tablet=&#8221;364px&#8221; display_image_width_phone=&#8221;500px&#8221; display_image_width_last_edited=&#8221;on|phone&#8221; display_image_height_tablet=&#8221;292px&#8221; display_image_height_phone=&#8221;292px&#8221; display_image_height_last_edited=&#8221;on|phone&#8221; image_position_tablet=&#8221;row&#8221; image_position_phone=&#8221;column&#8221; image_position_last_edited=&#8221;on|tablet&#8221; popup_image_width_tablet=&#8221;500px&#8221; popup_image_width_phone=&#8221;275px&#8221; popup_image_width_last_edited=&#8221;on|tablet&#8221; popup_image_height_tablet=&#8221;297px&#8221; popup_image_height_phone=&#8221;253px&#8221; popup_image_height_last_edited=&#8221;on|phone&#8221; _builder_version=&#8221;4.20.4&#8243; _module_preset=&#8221;default&#8221; display_title_font=&#8221;|700|||||||&#8221; display_title_text_align=&#8221;center&#8221; display_title_font_size=&#8221;24px&#8221; display_title_line_height=&#8221;1.6em&#8221; display_subtitle_font=&#8221;||||||||&#8221; display_subtitle_text_align=&#8221;center&#8221; display_subtitle_text_color=&#8221;#9b9b9b&#8221; display_subtitle_font_size=&#8221;16px&#8221; display_subtitle_line_height=&#8221;1.4em&#8221; display_text_font=&#8221;|800|||||||&#8221; display_text_text_align=&#8221;center&#8221; display_text_font_size=&#8221;20px&#8221; display_text_line_height=&#8221;1.8em&#8221; overlay_text_font=&#8221;Montserrat|600|||||||&#8221; overlay_text_text_color=&#8221;#FFFFFF&#8221; overlay_text_font_size=&#8221;14px&#8221; popup_title_font=&#8221;|700|||||||&#8221; popup_title_text_color=&#8221;rgba(255,255,255,0.94)&#8221; popup_title_font_size=&#8221;35px&#8221; popup_title_line_height=&#8221;1.3em&#8221; popup_text_font=&#8221;||||||||&#8221; popup_text_text_color=&#8221;#FFFFFF&#8221; background_color=&#8221;gcid-8aaef383-dc35-4320-99d1-3fd975952304&#8243; custom_button=&#8221;on&#8221; button_text_color=&#8221;rgba(255,255,255,0.77)&#8221; button_bg_color=&#8221;rgba(0,0,0,0.32)&#8221; button_bg_use_color_gradient=&#8221;on&#8221; button_bg_color_gradient_type=&#8221;circular&#8221; button_bg_color_gradient_stops=&#8221;rgba(0,0,0,0.6) 0%|rgba(0,0,0,0.25) 100%&#8221; button_border_width=&#8221;0px&#8221; button_font=&#8221;Nunito|700|||||||&#8221; button_icon=&#8221;&#x49;||divi||400&#8243; button_custom_margin=&#8221;|||36px|false|false&#8221; hover_enabled=&#8221;0&#8243; display_title_text_shadow_style=&#8221;preset5&#8243; popup_text_text_shadow_style=&#8221;preset5&#8243; border_radii_item=&#8221;on|10px|10px|10px|10px&#8221; box_shadow_style_item=&#8221;preset1&#8243; global_colors_info=&#8221;{%22gcid-fda550d0-969f-4634-bbfc-26f6bc54317e%22:%91%22inlinepopup_background_bgcolor%22%93}&#8221; sticky_enabled=&#8221;0&#8243;][digr_inline_popup_item display_image=&#8221;https:\/\/stowarzyszenienautica.pl\/wp-content\/uploads\/2025\/04\/Zdjecie-WhatsApp-2024-10-30-o-15.57.00_ce77b3a3.avif&#8221; display_title=&#8221;Trzy razy TAK&#8221; single_overlay_text=&#8221;Sprawd\u017a szczeg\u00f3\u0142y&#8221; popup_text=&#8221;<\/p>\n<p style=\"%22text-align:\" left;%22><span style=\"%22color:\" #ffffff;%22>Przestrzeganie zasady \u201e3xTAK\u201d jest szczeg\u00f3lnie istotne dla os\u00f3b z niepe\u0142nosprawno\u015bci\u0105, ze wzgl\u0119du na indywidualn\u0105 histori\u0119 medyczn\u0105.<\/span><\/p>\n<p style=\"%22text-align:\" left;%22><span style=\"%22color:\" #ffffff;%22><strong>Twoje TAK.<\/strong><\/span><br \/>\n<span style=\"%22color:\" #ffffff;%22>Tak dla ch\u0119ci, wysi\u0142ku, energii, zaanga\u017cowania, poznania zasad bezpiecznego nurkowania, nabycia nowych umiej\u0119tno\u015bci.<\/span><\/p>\n<p style=\"%22text-align:\" left;%22><span style=\"%22color:\" #ffffff;%22><strong>Medical YES.<\/strong><\/span><br \/>\n<span style=\"%22color:\" #ffffff;%22>Zanim rozpoczniesz kurs nurkowy, upewnij si\u0119, \u017ce nie masz \u017cadnych ogranicze\u0144 ze\u00a0<a href=\"\/en\/%22\/pl\/kursy-nurkowe\/przeciwskazania-do-nurkowania%22\/\" style=\"%22color:\" #ffffff;%22><strong>medical contraindications<\/strong><\/a>. Wybierz si\u0119 do lekarza sportowego lub nurkowego, kt\u00f3ry wyda stosowne za\u015bwiadczenie. Je\u015bli nie znasz takiego lekarza, <strong><a href=\"\/en\/%22\/pl\/kontakt%22\/\" style=\"%22color:\" #ffffff;%22>contact us<\/a><\/strong> z nami, przeka\u017cemy odpowiednie dane.<\/span><\/p>\n<p style=\"%22text-align:\" left;%22><span style=\"%22color:\" #ffffff;%22><strong>Our YES:<\/strong><\/span><br \/>\n<span style=\"%22color:\" #ffffff;%22>Jeste\u015bmy grup\u0105 nurk\u00f3w, kt\u00f3ra posiada odpowiedni\u0105 wiedz\u0119 i umiej\u0119tno\u015bci, aby poradzi\u0107 sobie z Twoimi ograniczeniami. Jedynym ograniczeniem jest tylko miejsce w grupie kursowej. <a href=\"\/en\/%22\/pl\/kontakt%22\/\" style=\"%22color:\" #ffffff;%22><strong>Get in touch<\/strong><\/a>, mo\u017ce to miejsce czeka w\u0142a\u015bnie na Ciebie \ud83d\ude42<\/span><\/p>\n<p style=\"%22text-align:\" left;%22><span style=\"%22color:\" #ffffff;%22>Je\u015bli zgromadzi\u0142e\u015b wszystkie konieczne TAK, to nic nie stoi na przeszkodzie, aby rozpocz\u0105\u0107 kurs nurkowania i osobi\u015bcie przekona\u0107 si\u0119, \u017ce bariery s\u0105 tylko na powierzchni \ud83d\ude42<\/span><\/p>\n<p>&#8221; button_url=&#8221;#&#8221; button_url_new_window=&#8221;1&#8243; _builder_version=&#8221;4.20.4&#8243; _module_preset=&#8221;default&#8221; global_colors_info=&#8221;{}&#8221;][\/digr_inline_popup_item][digr_inline_popup_item display_image=&#8221;https:\/\/stowarzyszenienautica.pl\/wp-content\/uploads\/2025\/02\/banner7-png.avif&#8221; display_title=&#8221;Teoria nurkowania&#8221; single_overlay_text=&#8221;Sprawd\u017a szczeg\u00f3\u0142y&#8221; popup_text=&#8221;<\/p>\n<p style=\"%22text-align:\" left;%22>Wiedza na\u00a0temat sprz\u0119tu, kt\u00f3rego\u00a0b\u0119dziesz u\u017cywa\u0107 i\u00a0umiej\u0119tno\u015bci, kt\u00f3rych\u00a0b\u0119dziesz potrzebowa\u0107 pod\u00a0wod\u0105 jest niezb\u0119dna do\u00a0bezpiecznego nurkowania<br \/>\nTeori\u0119 opanujesz poprzez:<\/p>\n<ul style=\"%22text-align:\" left;%22>\n<li>samodzieln\u0105 nauk\u0119 na\u00a0platformie e-learningowej, we\u00a0w\u0142asnym czasie i\u00a0we\u00a0w\u0142asnym tempie<\/li>\n<li>nauk\u0119 z\u00a0wykorzystaniem ksi\u0105\u017cek i\u00a0no\u015bnik\u00f3w DVD w\u00a0pakiecie kursu<\/li>\n<li>wyk\u0142ady i\u00a0lekcje teoretyczne z\u00a0instruktorem<\/li>\n<li>korzystaj\u0105c z\u00a0kombinacji powy\u017cszych metod<\/li>\n<\/ul>\n<p style=\"%22text-align:\" left;%22>Poziom wiedzy jest dostosowany do\u00a0mo\u017cliwo\u015bci ka\u017cdej z\u00a0os\u00f3b uczestnicz\u0105cych w\u00a0kursie.<\/p>\n<p>&#8221; button_url=&#8221;#&#8221; button_url_new_window=&#8221;1&#8243; _builder_version=&#8221;4.20.4&#8243; _module_preset=&#8221;default&#8221; global_colors_info=&#8221;{}&#8221;][\/digr_inline_popup_item][digr_inline_popup_item display_image=&#8221;https:\/\/stowarzyszenienautica.pl\/wp-content\/uploads\/2025\/04\/IMG_6192-scaled.avif&#8221; display_title=&#8221;Zaj\u0119cia praktyczne&#8221; single_overlay_text=&#8221;Sprawd\u017a szczeg\u00f3\u0142y&#8221; popup_text=&#8221;<\/p>\n<p style=\"%22text-align:\" left;%22>Zaj\u0119cia praktyczne zaczynaj\u0105 si\u0119 na\u00a0basenie, a\u00a0wi\u0119c\u00a0kontrolowanym \u015brodowisku.<\/p>\n<p>W momencie, gdy\u00a0zdob\u0119dziesz wi\u0119cej do\u015bwiadczenia, b\u0119dziesz wykonywa\u0107 wszystkie nurkowania na\u00a0wodach otwartych. Zazwyczaj s\u0105\u00a0one realizowane w\u00a0ciep\u0142ych wodach Morza Czerwonego podczas<span> <\/span><a href=\"\/en\/%22\/pl\/inne-dzialania\/obozy-szkoleniowe%22\/\">diving expeditions<\/a><span> <\/span><a href=\"\/en\/%22\/pl\/inne-dzialania\/obozy-szkoleniowe%22\/\">organized by our Association.<span> <\/span><\/a>organizowanych przez\u00a0nasze Stowarzyszenie.<\/p>\n<p style=\"%22text-align:\" left;%22>W\u00a0zale\u017cno\u015bci od\u00a0typu ogranicze\u0144, ka\u017cdemu nurkowi z\u00a0niepe\u0142nosprawno\u015bci\u0105 b\u0119dzie towarzyszy\u0107 jeden lub wi\u0119cej nurk\u00f3w. Taki system jest okre\u015blany jako poziom partnerski.<\/p>\n<p style=\"%22text-align:\" left;%22>Je\u015bli wszystkie zaj\u0119cia praktyczne kursu nurkowego zostan\u0105 uko\u0144czone, otrzymasz uznawany na\u00a0ca\u0142ym \u015bwiecie<span> <\/span><strong><a href=\"\/en\/%22\/pl\/kursy-nurkowe\/system-partnerski%22\/\">HSA diving certificate.<\/a>.<\/strong><\/p>\n<p>&#8221; button_url=&#8221;#&#8221; button_url_new_window=&#8221;1&#8243; _builder_version=&#8221;4.20.4&#8243; _module_preset=&#8221;default&#8221; global_colors_info=&#8221;{}&#8221;][\/digr_inline_popup_item][\/digr_inline_popup][\/et_pb_column][\/et_pb_row][\/et_pb_section]<\/p>","protected":false},"excerpt":{"rendered":"<p>Zosta\u0144 nurkiem HSAKa\u017cdy mo\u017ce do\u015bwiadczy\u0107 podwodnej przygody, niezale\u017cnie czy\u00a0jest osob\u0105 pe\u0142nosprawn\u0105 czy\u00a0te\u017c osob\u0105 z\u00a0niepe\u0142nosprawno\u015bci\u0105Sprawd\u017a jakie to&nbsp;proste. Najwa\u017cniejsza jest Twoja ch\u0119\u0107 oraz&nbsp;brak przeciwwskaza\u0144 medycznych. Kliknij poni\u017cej, \u017ceby&nbsp;dowiedzie\u0107 si\u0119 wi\u0119cej.[digr_inline_popup grid_gap=&#8221;50px&#8221; display_image_width=&#8221;364px&#8221; display_image_height=&#8221;292px&#8221; enable_display_image_overlay=&#8221;on&#8221; display_image_overlay_text=&#8221;View Details&#8221; display_image_overlay_style=&#8221;zoom_in&#8221; display_image_overlay_bgcolor=&#8221;rgba(0,0,0,0.47)&#8221; inlinepopup_background_bgcolor=&#8221;gcid-fda550d0-969f-4634-bbfc-26f6bc54317e&#8221; image_position=&#8221;row&#8221; popup_image_width=&#8221;500px&#8221; popup_image_height=&#8221;330px&#8221; top_bar_color=&#8221;rgba(0,0,0,0.29)&#8221; top_arrow_color=&#8221;rgba(0,0,0,0.46)&#8221; close_icon_color=&#8221;#FFFFFF&#8221; enable_popup_image_style=&#8221;on&#8221; popup_image_style=&#8221;&#8211;pentagon&#8221; display_item_container_spacing_padding=&#8221;0px|0px||0px|false|false&#8221; display_image_container_spacing_margin=&#8221;||20px||false|false&#8221; popup_subtitle_padding=&#8221;||||false|false&#8221; grid_column_tablet=&#8221;2&#8243; grid_column_phone=&#8221;1&#8243; grid_column_last_edited=&#8221;on|phone&#8221; grid_gap_tablet=&#8221;50px&#8221; grid_gap_phone=&#8221;31px&#8221; grid_gap_last_edited=&#8221;on|phone&#8221; display_image_width_tablet=&#8221;364px&#8221;&hellip; <a class=\"continue\" href=\"https:\/\/stowarzyszenienautica.pl\/en\/et_pb_layout\/listgrid-design-31\/\">Kontynuuj czytanie<span> ListGrid Design-31<\/span><\/a><\/p>","protected":false},"author":1,"featured_media":0,"parent":0,"menu_order":0,"comment_status":"closed","ping_status":"closed","template":"","meta":{"_et_pb_use_builder":"on","_et_pb_old_content":"","_et_gb_content_width":"","inline_featured_image":false,"footnotes":"","_links_to":"","_links_to_target":""},"class_list":["post-245878","page","type-page","status-publish","hentry"],"yoast_head":"<!-- This site is optimized with the Yoast SEO plugin v25.4 - https:\/\/yoast.com\/wordpress\/plugins\/seo\/ -->\n<title>Zosta\u0144 nurkiem HSA - Stowarzyszenie Nautica<\/title>\n<meta name=\"robots\" content=\"index, follow, max-snippet:-1, max-image-preview:large, max-video-preview:-1\" \/>\n<link rel=\"canonical\" href=\"https:\/\/stowarzyszenienautica.pl\/en\/zostan-nurkiem-hsa\/\" \/>\n<meta property=\"og:locale\" content=\"en_GB\" \/>\n<meta property=\"og:type\" content=\"article\" \/>\n<meta property=\"og:title\" content=\"Zosta\u0144 nurkiem HSA - Stowarzyszenie Nautica\" \/>\n<meta property=\"og:description\" content=\"Divi List Grid Design - 31[digr_divi_list_grid_item use_icon=&quot;on&quot; font_icon=&quot;&#xf785;||fa||400&quot; icon_size=&quot;28px&quot; icon_vertical_alignment=&quot;middle&quot; use_shape=&quot;on&quot; shape_pattern=&quot;diamond&quot; shape_size=&quot;54px&quot; shape_icon_line_height=&quot;47px&quot; shape_color=&quot;#2023b0&quot; shape_border_color=&quot;#2023b0&quot; shape_border_width=&quot;1px&quot; title=&quot;Pellentesque felis&quot; shape_background_color_bgcolor=&quot;#FFFFFF&quot; content_padding=&quot;0px||||false|false&quot; badge_container_padding=&quot;||||false|false&quot; image_icon_container_margin=&quot;-50px||||false|false&quot; _builder_version=&quot;4.18.0&quot; _module_preset=&quot;default&quot; transform_translate_linked__hover=&quot;off&quot; border_width_all_image=&quot;1px&quot; border_style_all_image=&quot;none&quot; global_colors_info=&quot;{}&quot; shape_background_color__hover_enabled=&quot;on|hover&quot;&hellip; Kontynuuj czytanie ListGrid Design-31\" \/>\n<meta property=\"og:url\" content=\"https:\/\/stowarzyszenienautica.pl\/en\/zostan-nurkiem-hsa\/\" \/>\n<meta property=\"og:site_name\" content=\"Stowarzyszenie Nautica\" \/>\n<meta property=\"article:modified_time\" content=\"2025-04-29T06:11:36+00:00\" \/>\n<meta name=\"twitter:card\" content=\"summary_large_image\" \/>\n<script type=\"application\/ld+json\" class=\"yoast-schema-graph\">{\"@context\":\"https:\/\/schema.org\",\"@graph\":[{\"@type\":\"WebPage\",\"@id\":\"https:\/\/stowarzyszenienautica.pl\/zostan-nurkiem-hsa\/\",\"url\":\"https:\/\/stowarzyszenienautica.pl\/zostan-nurkiem-hsa\/\",\"name\":\"Zosta\u0144 nurkiem HSA - Stowarzyszenie Nautica\",\"isPartOf\":{\"@id\":\"https:\/\/stowarzyszenienautica.pl\/#website\"},\"datePublished\":\"2025-02-18T21:49:14+00:00\",\"dateModified\":\"2025-04-29T06:11:36+00:00\",\"breadcrumb\":{\"@id\":\"https:\/\/stowarzyszenienautica.pl\/zostan-nurkiem-hsa\/#breadcrumb\"},\"inLanguage\":\"en-GB\",\"potentialAction\":[{\"@type\":\"ReadAction\",\"target\":[\"https:\/\/stowarzyszenienautica.pl\/zostan-nurkiem-hsa\/\"]}]},{\"@type\":\"BreadcrumbList\",\"@id\":\"https:\/\/stowarzyszenienautica.pl\/zostan-nurkiem-hsa\/#breadcrumb\",\"itemListElement\":[{\"@type\":\"ListItem\",\"position\":1,\"name\":\"Strona g\u0142\u00f3wna\",\"item\":\"https:\/\/stowarzyszenienautica.pl\/\"},{\"@type\":\"ListItem\",\"position\":2,\"name\":\"Zosta\u0144 nurkiem HSA\"}]},{\"@type\":\"WebSite\",\"@id\":\"https:\/\/stowarzyszenienautica.pl\/#website\",\"url\":\"https:\/\/stowarzyszenienautica.pl\/\",\"name\":\"Stowarzyszenie Nautica\",\"description\":\"Bariery s\u0105 tylko na powierzchni\",\"potentialAction\":[{\"@type\":\"SearchAction\",\"target\":{\"@type\":\"EntryPoint\",\"urlTemplate\":\"https:\/\/stowarzyszenienautica.pl\/?s={search_term_string}\"},\"query-input\":{\"@type\":\"PropertyValueSpecification\",\"valueRequired\":true,\"valueName\":\"search_term_string\"}}],\"inLanguage\":\"en-GB\"}]}<\/script>\n<!-- \/ Yoast SEO plugin. -->","yoast_head_json":{"title":"Zosta\u0144 nurkiem HSA - Stowarzyszenie Nautica","robots":{"index":"index","follow":"follow","max-snippet":"max-snippet:-1","max-image-preview":"max-image-preview:large","max-video-preview":"max-video-preview:-1"},"canonical":"https:\/\/stowarzyszenienautica.pl\/en\/zostan-nurkiem-hsa\/","og_locale":"en_GB","og_type":"article","og_title":"Zosta\u0144 nurkiem HSA - Stowarzyszenie Nautica","og_description":"Divi List Grid Design - 31[digr_divi_list_grid_item use_icon=\"on\" font_icon=\"&#xf785;||fa||400\" icon_size=\"28px\" icon_vertical_alignment=\"middle\" use_shape=\"on\" shape_pattern=\"diamond\" shape_size=\"54px\" shape_icon_line_height=\"47px\" shape_color=\"#2023b0\" shape_border_color=\"#2023b0\" shape_border_width=\"1px\" title=\"Pellentesque felis\" shape_background_color_bgcolor=\"#FFFFFF\" content_padding=\"0px||||false|false\" badge_container_padding=\"||||false|false\" image_icon_container_margin=\"-50px||||false|false\" _builder_version=\"4.18.0\" _module_preset=\"default\" transform_translate_linked__hover=\"off\" border_width_all_image=\"1px\" border_style_all_image=\"none\" global_colors_info=\"{}\" shape_background_color__hover_enabled=\"on|hover\"&hellip; Kontynuuj czytanie ListGrid Design-31","og_url":"https:\/\/stowarzyszenienautica.pl\/en\/zostan-nurkiem-hsa\/","og_site_name":"Stowarzyszenie Nautica","article_modified_time":"2025-04-29T06:11:36+00:00","twitter_card":"summary_large_image","schema":{"@context":"https:\/\/schema.org","@graph":[{"@type":"WebPage","@id":"https:\/\/stowarzyszenienautica.pl\/zostan-nurkiem-hsa\/","url":"https:\/\/stowarzyszenienautica.pl\/zostan-nurkiem-hsa\/","name":"Zosta\u0144 nurkiem HSA - Stowarzyszenie Nautica","isPartOf":{"@id":"https:\/\/stowarzyszenienautica.pl\/#website"},"datePublished":"2025-02-18T21:49:14+00:00","dateModified":"2025-04-29T06:11:36+00:00","breadcrumb":{"@id":"https:\/\/stowarzyszenienautica.pl\/zostan-nurkiem-hsa\/#breadcrumb"},"inLanguage":"en-GB","potentialAction":[{"@type":"ReadAction","target":["https:\/\/stowarzyszenienautica.pl\/zostan-nurkiem-hsa\/"]}]},{"@type":"BreadcrumbList","@id":"https:\/\/stowarzyszenienautica.pl\/zostan-nurkiem-hsa\/#breadcrumb","itemListElement":[{"@type":"ListItem","position":1,"name":"Strona g\u0142\u00f3wna","item":"https:\/\/stowarzyszenienautica.pl\/"},{"@type":"ListItem","position":2,"name":"Zosta\u0144 nurkiem HSA"}]},{"@type":"WebSite","@id":"https:\/\/stowarzyszenienautica.pl\/#website","url":"https:\/\/stowarzyszenienautica.pl\/","name":"Stowarzyszenie Nautica","description":"Bariery s\u0105 tylko na powierzchni","potentialAction":[{"@type":"SearchAction","target":{"@type":"EntryPoint","urlTemplate":"https:\/\/stowarzyszenienautica.pl\/?s={search_term_string}"},"query-input":{"@type":"PropertyValueSpecification","valueRequired":true,"valueName":"search_term_string"}}],"inLanguage":"en-GB"}]}},"_links":{"self":[{"href":"https:\/\/stowarzyszenienautica.pl\/en\/wp-json\/wp\/v2\/pages\/245878","targetHints":{"allow":["GET"]}}],"collection":[{"href":"https:\/\/stowarzyszenienautica.pl\/en\/wp-json\/wp\/v2\/pages"}],"about":[{"href":"https:\/\/stowarzyszenienautica.pl\/en\/wp-json\/wp\/v2\/types\/page"}],"author":[{"embeddable":true,"href":"https:\/\/stowarzyszenienautica.pl\/en\/wp-json\/wp\/v2\/users\/1"}],"replies":[{"embeddable":true,"href":"https:\/\/stowarzyszenienautica.pl\/en\/wp-json\/wp\/v2\/comments?post=245878"}],"version-history":[{"count":21,"href":"https:\/\/stowarzyszenienautica.pl\/en\/wp-json\/wp\/v2\/pages\/245878\/revisions"}],"predecessor-version":[{"id":249810,"href":"https:\/\/stowarzyszenienautica.pl\/en\/wp-json\/wp\/v2\/pages\/245878\/revisions\/249810"}],"wp:attachment":[{"href":"https:\/\/stowarzyszenienautica.pl\/en\/wp-json\/wp\/v2\/media?parent=245878"}],"curies":[{"name":"wp","href":"https:\/\/api.w.org\/{rel}","templated":true}]}}