{"id":248959,"date":"2025-02-24T17:38:38","date_gmt":"2025-02-24T17:38:38","guid":{"rendered":"https:\/\/stowarzyszenienautica.pl\/?page_id=248959"},"modified":"2025-03-04T14:18:11","modified_gmt":"2025-03-04T14:18:11","slug":"historia","status":"publish","type":"page","link":"https:\/\/stowarzyszenienautica.pl\/en\/historia\/","title":{"rendered":"History"},"content":{"rendered":"<p>[et_pb_section fb_built=&#8221;1&#8243; admin_label=&#8221;Header&#8221; _builder_version=&#8221;4.20.4&#8243; _module_preset=&#8221;default&#8221; background_color=&#8221;gcid-2352d280-fe84-43b1-a71e-f400c35a526a&#8221; use_background_color_gradient=&#8221;on&#8221; background_color_gradient_stops=&#8221;gcid-d119accd-44d7-4f2f-b9d7-599c8463324b 0%|rgba(255,255,255,0) 25%|rgba(7,33,48,0.6) 76%|#072130 100%&#8221; background_color_gradient_overlays_image=&#8221;on&#8221; background_image=&#8221;https:\/\/stowarzyszenienautica.pl\/wp-content\/uploads\/2025\/02\/non-profit-03-2-1.avif&#8221; custom_margin=&#8221;||-1px||false|false&#8221; custom_padding=&#8221;102px||102px||false|false&#8221; locked=&#8221;off&#8221; collapsed=&#8221;on&#8221; global_colors_info=&#8221;{%22gcid-1f1bf5fb-a99d-4acc-8d9e-ddac074c158c%22:%91%22background_color_gradient_stops%22,%22background_color_gradient_stops%22%93,%22gcid-4c79ba3d-a281-4fb6-9b14-02f9a4c793f2%22:%91%22background_color_gradient_stops%22,%22background_color_gradient_stops%22%93,%22gcid-688c464a-d6f2-4296-b592-395352c71c79%22:%91%22background_color_gradient_stops%22,%22background_color_gradient_stops%22%93,%22gcid-d119accd-44d7-4f2f-b9d7-599c8463324b%22:%91%22background_color_gradient_stops%22,%22background_color_gradient_stops%22%93,%22gcid-2352d280-fe84-43b1-a71e-f400c35a526a%22:%91%22background_color%22%93}&#8221;][et_pb_row _builder_version=&#8221;4.20.4&#8243; _module_preset=&#8221;default&#8221; custom_padding=&#8221;15px|||||&#8221; global_colors_info=&#8221;{}&#8221;][et_pb_column type=&#8221;4_4&#8243; _builder_version=&#8221;4.25.1&#8243; _module_preset=&#8221;default&#8221; global_colors_info=&#8221;{}&#8221;][et_pb_text _builder_version=&#8221;4.20.4&#8243; _module_preset=&#8221;default&#8221; header_text_color=&#8221;#FFFFFF&#8221; header_font_size=&#8221;40px&#8221; header_2_font=&#8221;Urbanist||||||||&#8221; header_2_text_align=&#8221;left&#8221; header_2_text_color=&#8221;#3B4D66&#8243; header_2_font_size=&#8221;60px&#8221; header_font_size_tablet=&#8221;40px&#8221; header_font_size_phone=&#8221;30px&#8221; header_font_size_last_edited=&#8221;on|phone&#8221; header_line_height_tablet=&#8221;&#8221; header_line_height_phone=&#8221;1.1em&#8221; header_line_height_last_edited=&#8221;on|phone&#8221; locked=&#8221;off&#8221; global_colors_info=&#8221;{}&#8221;]<\/p>\n<h2 style=\"text-align: center;\">History<\/h2>\n<p>[\/et_pb_text][et_pb_text _builder_version=&#8221;4.20.4&#8243; _module_preset=&#8221;7f9af358-4f07-4032-bc44-a4ea2279a1bd&#8221; text_text_color=&#8221;#3B4D66&#8243; text_font_size=&#8221;22px&#8221; text_orientation=&#8221;center&#8221; custom_padding=&#8221;||100px|||&#8221; global_colors_info=&#8221;{}&#8221;]<\/p>\n<p>Stowarzyszenie Nautica zosta\u0142o za\u0142o\u017cone w&nbsp;1998 roku w&nbsp;Krakowie przez&nbsp;grup\u0119 zaprzyja\u017anionych nurk\u00f3w, przekonanych do&nbsp;idei, \u017ce&nbsp;\u015brodowisko wodne mo\u017ce by\u0107 ca\u0142kowicie dost\u0119pne dla os\u00f3b z&nbsp;niepe\u0142nosprawno\u015bciami<\/p>\n<p>[\/et_pb_text][\/et_pb_column][\/et_pb_row][\/et_pb_section][et_pb_section fb_built=&#8221;1&#8243; admin_label=&#8221;About&#8221; _builder_version=&#8221;4.25.2&#8243; _module_preset=&#8221;default&#8221; background_color=&#8221;gcid-2352d280-fe84-43b1-a71e-f400c35a526a&#8221; custom_margin=&#8221;||||false&#8221; custom_padding=&#8221;13px||13px||true|false&#8221; locked=&#8221;off&#8221; collapsed=&#8221;on&#8221; global_colors_info=&#8221;{%22gcid-2352d280-fe84-43b1-a71e-f400c35a526a%22:%91%22background_color%22%93}&#8221;][et_pb_row _builder_version=&#8221;4.20.4&#8243; _module_preset=&#8221;default&#8221; global_colors_info=&#8221;{}&#8221;][et_pb_column type=&#8221;4_4&#8243; _builder_version=&#8221;4.20.4&#8243; _module_preset=&#8221;default&#8221; global_colors_info=&#8221;{}&#8221;][et_pb_text _builder_version=&#8221;4.20.4&#8243; _module_preset=&#8221;default&#8221; text_text_color=&#8221;#FFFFFF&#8221; global_colors_info=&#8221;{}&#8221;]<\/p>\n<p>Historia Stowarzyszenia jest \u015bci\u015ble zwi\u0105zana z krakowskim Centrum Turystyki Podwodnej Nautica. To tam zrodzi\u0142 si\u0119 pomys\u0142 by wykorzystuj\u0105c specyfik\u0119 \u015brodowiska wodnego pomaga\u0107 innym, dzieciom oraz osobom z niepe\u0142nosprawno\u015bciami, cz\u0119sto o trudnych losach \u017cyciowych, w odnalezieniu nowych mo\u017cliwo\u015bci samorealizacji. Stowarzyszenie Nautica zosta\u0142o zarejestrowane 29 lutego 1998 roku, a pierwszy Zarz\u0105d tworzyli &#8211; kliknij w zdj\u0119cie aby pozna\u0107 ich histori\u0119:<\/p>\n<p>[\/et_pb_text][\/et_pb_column][\/et_pb_row][et_pb_row column_structure=&#8221;1_6,1_6,1_6,1_6,1_6,1_6&#8243; _builder_version=&#8221;4.20.4&#8243; _module_preset=&#8221;default&#8221; width=&#8221;90%&#8221; max_width=&#8221;1500px&#8221; global_colors_info=&#8221;{}&#8221;][et_pb_column type=&#8221;1_6&#8243; _builder_version=&#8221;4.20.4&#8243; _module_preset=&#8221;default&#8221; global_colors_info=&#8221;{}&#8221;][et_pb_team_member name=&#8221;Rados\u0142aw Bizo\u0144&#8221; image_url=&#8221;https:\/\/stowarzyszenienautica.pl\/wp-content\/uploads\/2025\/02\/radoslaw-bizon.avif&#8221; facebook_url=&#8221;https:\/\/www.facebook.com\/stowarzyszenienautica\/posts\/pfbid02nzrua3VaX2B29SzLyiG4NdzNo4h2BBHWuENk4Z4UeLpqgrBKy1rVDF7PukbAgf4Vl?rdid=RPHvh8IEZHnDAvYr&#8221; _builder_version=&#8221;4.20.4&#8243; _module_preset=&#8221;default&#8221; text_orientation=&#8221;center&#8221; background_layout=&#8221;dark&#8221; border_radii_image=&#8221;on|50%|50%|50%|50%&#8221; global_colors_info=&#8221;{}&#8221;]<\/p>\n<p><a href=\"mailto:office@stowarzyszenienautica.pl\"><\/a><\/p>\n<p>[\/et_pb_team_member][\/et_pb_column][et_pb_column type=&#8221;1_6&#8243; _builder_version=&#8221;4.20.4&#8243; _module_preset=&#8221;default&#8221; global_colors_info=&#8221;{}&#8221;][et_pb_team_member name=&#8221;Agnieszka Pajdak-St\u00f3s&#8221; image_url=&#8221;https:\/\/stowarzyszenienautica.pl\/wp-content\/uploads\/2025\/02\/agnieszka-pajdak-stos.avif&#8221; facebook_url=&#8221;https:\/\/www.facebook.com\/stowarzyszenienautica\/posts\/pfbid0HPXtSKBjLVyMx82yDJ4QsFNpyuzL9qGUVvrnBXZE65237pzoideDLBCmwwepPKGil?rdid=eXgErE03TNPCqnYa&#8221; _builder_version=&#8221;4.20.4&#8243; _module_preset=&#8221;default&#8221; text_orientation=&#8221;center&#8221; background_layout=&#8221;dark&#8221; border_radii_image=&#8221;on|50%|50%|50%|50%&#8221; global_colors_info=&#8221;{}&#8221;][\/et_pb_team_member][\/et_pb_column][et_pb_column type=&#8221;1_6&#8243; _builder_version=&#8221;4.20.4&#8243; _module_preset=&#8221;default&#8221; global_colors_info=&#8221;{}&#8221;][et_pb_team_member name=&#8221;Joanna Pajdak &#8211; Subry&#8221; image_url=&#8221;https:\/\/stowarzyszenienautica.pl\/wp-content\/uploads\/2025\/02\/joanna_pajdak_subry.avif&#8221; facebook_url=&#8221;https:\/\/www.facebook.com\/stowarzyszenienautica\/posts\/pfbid033Hf57KpKkoaaR8AEwQtyQ8PDRcuLs1uewxiCsfwM47xk1mTFnJdZyHrihPzzUk2xl?rdid=HjtPlXM7xGLNK9Kw&#8221; _builder_version=&#8221;4.20.4&#8243; _module_preset=&#8221;default&#8221; text_orientation=&#8221;center&#8221; background_layout=&#8221;dark&#8221; border_radii_image=&#8221;on|50%|50%|50%|50%&#8221; global_colors_info=&#8221;{}&#8221;][\/et_pb_team_member][\/et_pb_column][et_pb_column type=&#8221;1_6&#8243; _builder_version=&#8221;4.20.4&#8243; _module_preset=&#8221;default&#8221; global_colors_info=&#8221;{}&#8221;][et_pb_team_member name=&#8221;Tomasz Plichta&#8221; image_url=&#8221;https:\/\/stowarzyszenienautica.pl\/wp-content\/uploads\/2025\/02\/tomekp.avif&#8221; facebook_url=&#8221;https:\/\/www.facebook.com\/share\/p\/vbKRQ3vuS2DyMCSv\/&#8221; _builder_version=&#8221;4.20.4&#8243; _module_preset=&#8221;default&#8221; text_orientation=&#8221;center&#8221; background_layout=&#8221;dark&#8221; border_radii_image=&#8221;on|50%|50%|50%|50%&#8221; global_colors_info=&#8221;{}&#8221;][\/et_pb_team_member][\/et_pb_column][et_pb_column type=&#8221;1_6&#8243; _builder_version=&#8221;4.20.4&#8243; _module_preset=&#8221;default&#8221; global_colors_info=&#8221;{}&#8221;][et_pb_team_member name=&#8221;Pawe\u0142 Staniszewski&#8221; image_url=&#8221;https:\/\/stowarzyszenienautica.pl\/wp-content\/uploads\/2025\/02\/pawel-staniszewski.avif&#8221; facebook_url=&#8221;https:\/\/www.facebook.com\/stowarzyszenienautica\/posts\/pfbid0gUELrcj7Hq8fDAW1x15JEbeKzrXnoWKXCkmAqQ74q1GnDHutF7FqwEDsvhkvdtafl?rdid=2AreZFazzdjjbVya&#8221; _builder_version=&#8221;4.20.4&#8243; _module_preset=&#8221;default&#8221; text_orientation=&#8221;center&#8221; background_layout=&#8221;dark&#8221; border_radii_image=&#8221;on|50%|50%|50%|50%&#8221; global_colors_info=&#8221;{}&#8221;][\/et_pb_team_member][\/et_pb_column][et_pb_column type=&#8221;1_6&#8243; _builder_version=&#8221;4.20.4&#8243; _module_preset=&#8221;default&#8221; global_colors_info=&#8221;{}&#8221;][et_pb_team_member name=&#8221;Dariusz Spirytulski&#8221; image_url=&#8221;https:\/\/stowarzyszenienautica.pl\/wp-content\/uploads\/2025\/02\/dariusz-spirytulski.avif&#8221; facebook_url=&#8221;https:\/\/www.facebook.com\/stowarzyszenienautica\/posts\/pfbid032rKYJJicNeifpRXWFi77L7KcAsZsyVA5LFrNnHexbw6JKHLGDVTxbKgV9mUmcQQLl?rdid=qTFG7OgzNGZY5gQU&#8221; _builder_version=&#8221;4.20.4&#8243; _module_preset=&#8221;default&#8221; text_orientation=&#8221;center&#8221; background_layout=&#8221;dark&#8221; border_radii_image=&#8221;on|50%|50%|50%|50%&#8221; global_colors_info=&#8221;{}&#8221;][\/et_pb_team_member][\/et_pb_column][\/et_pb_row][et_pb_row _builder_version=&#8221;4.20.4&#8243; _module_preset=&#8221;default&#8221; global_colors_info=&#8221;{}&#8221;][et_pb_column type=&#8221;4_4&#8243; _builder_version=&#8221;4.20.4&#8243; _module_preset=&#8221;default&#8221; global_colors_info=&#8221;{}&#8221;][et_pb_text _builder_version=&#8221;4.20.4&#8243; _module_preset=&#8221;default&#8221; text_text_color=&#8221;#FFFFFF&#8221; custom_margin=&#8221;||7px|||&#8221; global_colors_info=&#8221;{}&#8221;]<\/p>\n<p>Kluczow\u0105 rol\u0119 dla rozwoju nurkowania OzN w&nbsp;Polsce odegra\u0142 Tadeusz Masztalerz, kt\u00f3ry&nbsp;wprowadzi\u0142 system wypracowany przez&nbsp;HSA do&nbsp;naszego kraju. Zbieg\u0142o si\u0119 to&nbsp;z&nbsp;powstaniem Stowarzyszenia Nautica, kt\u00f3re z&nbsp;wielkim zaanga\u017cowaniem w\u0142\u0105czy\u0142o si\u0119 w&nbsp;realizacj\u0119 tej&nbsp;idei, zdobywaj\u0105c do\u015bwiadczenie poprzez codzienn\u0105 prac\u0119. W&nbsp;tamtym czasie wszystkie dzia\u0142ania w&nbsp;tym zakresie by\u0142y pionierskie. Pocz\u0105tkowo Stowarzyszenie realizowa\u0142o trzy programy: \u201cWodny szlak\u201d \u2013 nauka p\u0142ywania dla dzieci z&nbsp;dom\u00f3w dziecka i&nbsp;o\u015brodk\u00f3w wychowawczych; \u201cMilczacy \u015bwiat\u201d nauka nurkowania dla niedos\u0142ysz\u0105cych\/g\u0142uchoniemych; wreszcie \u201cZerowa grawitacja\u201d \u2013 nauka nurkowania dla os\u00f3b z&nbsp;niepe\u0142nosprawno\u015bci\u0105 ruchow\u0105. Kompilacj\u0105 dw\u00f3ch ostatnich jest program realizowany aktualnie.<\/p>\n<p>Przez&nbsp;ponad 26 lat nieprzerwanej dzia\u0142alno\u015bci sp\u0119dzili\u015bmy na&nbsp;basenach prawie 1000 godzin, zorganizowali\u015bmy 50 szkoleniowych i&nbsp;turystycznych oboz\u00f3w nurkowych w&nbsp;Polsce, Chorwacji, Egipcie, a&nbsp;tak\u017ce wiele nurkowa\u0144 rekreacyjnych. By\u0142o to&nbsp;mo\u017cliwe dzi\u0119ki zaanga\u017cowaniu kilkudziesi\u0119ciu wspania\u0142ych wolontariuszy, sprawnej pracy kolejnych zarz\u0105d\u00f3w Stowarzyszenia oraz&nbsp;wsparciu sprz\u0119towemu zaprzyja\u017anionych organizacji i&nbsp;firm.<\/p>\n<p>[\/et_pb_text][\/et_pb_column][\/et_pb_row][et_pb_row custom_padding_last_edited=&#8221;on|desktop&#8221; _builder_version=&#8221;4.25.2&#8243; _module_preset=&#8221;default&#8221; background_color=&#8221;#FFFFFF&#8221; custom_margin=&#8221;30px||||false|false&#8221; custom_padding=&#8221;40px|40px|40px|40px|true|true&#8221; custom_padding_tablet=&#8221;30px|30px|30px|30px|true|true&#8221; custom_padding_phone=&#8221;20px|20px|20px|20px|true|true&#8221; border_radii=&#8221;on|30px|30px|30px|30px&#8221; global_colors_info=&#8221;{%22gcid-4c79ba3d-a281-4fb6-9b14-02f9a4c793f2%22:%91%22background_color%22%93}&#8221;][et_pb_column type=&#8221;4_4&#8243; _builder_version=&#8221;4.25.2&#8243; _module_preset=&#8221;default&#8221; background_enable_color=&#8221;off&#8221; global_colors_info=&#8221;{%22gcid-4c79ba3d-a281-4fb6-9b14-02f9a4c793f2%22:%91%22background_color%22%93}&#8221;][et_pb_text _builder_version=&#8221;4.20.4&#8243; _module_preset=&#8221;1e78e8cc-5396-4446-930f-3d06fbc11056&#8243; global_colors_info=&#8221;{}&#8221;]<\/p>\n<h2>Since the founding of the Nautica Association, the successive Presidents of the Boards have been<\/h2>\n<p><span>1998 \u2013 1999:\u00a0<\/span><strong>Rados\u0142aw Bizo\u0144<\/strong><br \/><span>1999 \u2013 2008:\u00a0<\/span><strong>Agnieszka Pajdak-St\u00f3s<\/strong><br \/><span>2008 \u2013 2013:\u00a0<\/span><strong>Angelika Chrapkiewicz- G\u0105dek<\/strong><br \/><span>2013 \u2013 2015:\u00a0<\/span><strong>Pawe\u0142 Staniszewski<\/strong><br \/><span>2015 \u2013 2016:\u00a0<\/span><strong>Natalia Borzych<\/strong><br \/><span>2016 \u2013 2023:\u00a0<\/span><strong>Anna \u0106wi\u0119kowska<\/strong><br \/><span>od&nbsp;2023:<\/span><strong><span>\u00a0<\/span>Adam D\u0105browski<\/strong><\/p>\n<p>[\/et_pb_text][\/et_pb_column][\/et_pb_row][et_pb_row _builder_version=&#8221;4.20.4&#8243; _module_preset=&#8221;default&#8221; global_colors_info=&#8221;{}&#8221;][et_pb_column type=&#8221;4_4&#8243; _builder_version=&#8221;4.20.4&#8243; _module_preset=&#8221;default&#8221; global_colors_info=&#8221;{}&#8221;][et_pb_text _builder_version=&#8221;4.20.4&#8243; _module_preset=&#8221;default&#8221; text_text_color=&#8221;#FFFFFF&#8221; custom_margin=&#8221;||7px|||&#8221; custom_padding=&#8221;||22px|||&#8221; global_colors_info=&#8221;{}&#8221;]<\/p>\n<p>Jeste\u015bmy dumni z&nbsp;naszej historii. I&nbsp;bardzo si\u0119 cieszymy, \u017ce&nbsp;na&nbsp;podwodnych szlakach w&nbsp;r\u00f3\u017cnych zak\u0105tkach \u015bwiata mo\u017cna spotka\u0107 ponad 250 nurk\u00f3w HSA, dla kt\u00f3rych&nbsp;nasze Stowarzyszenia by\u0142o swoist\u0105 alma mater.<\/p>\n<p>W&nbsp;2023 roku, \u015bwi\u0119tuj\u0105c 25-lecie Stowarzyszenia Nautica mieli\u015bmy okazj\u0119 spotka\u0107 si\u0119 z&nbsp;naszymi by\u0142ymi i&nbsp;obecnymi cz\u0142onkami, kursantami, kadr\u0105, zaprzyja\u017anionymi organizacjami i&nbsp;darczy\u0144cami na&nbsp;<a href=\"https:\/\/stowarzyszenienautica.pl\/en\/2023\/01\/01\/bal-z-okazji-25-lecia-stowarzyszenia-nautica\/\" target=\"_blank\" rel=\"noopener\">GREAT BIRTHDAY BALL<\/a>. Zapraszamy do&nbsp;obejrzenia fotorelacji.<\/p>\n<p>[\/et_pb_text][\/et_pb_column][\/et_pb_row][\/et_pb_section]<\/p>","protected":false},"excerpt":{"rendered":"<p>HistoriaStowarzyszenie Nautica zosta\u0142o za\u0142o\u017cone w&nbsp;1998 roku w&nbsp;Krakowie przez&nbsp;grup\u0119 zaprzyja\u017anionych nurk\u00f3w, przekonanych do&nbsp;idei, \u017ce&nbsp;\u015brodowisko wodne mo\u017ce by\u0107 ca\u0142kowicie dost\u0119pne dla os\u00f3b z&nbsp;niepe\u0142nosprawno\u015bciamiHistoria Stowarzyszenia jest \u015bci\u015ble zwi\u0105zana z krakowskim Centrum Turystyki Podwodnej Nautica. To tam zrodzi\u0142 si\u0119 pomys\u0142 by wykorzystuj\u0105c specyfik\u0119 \u015brodowiska wodnego pomaga\u0107 innym, dzieciom oraz osobom z niepe\u0142nosprawno\u015bciami, cz\u0119sto o trudnych losach \u017cyciowych, w odnalezieniu&hellip; <a class=\"continue\" href=\"https:\/\/stowarzyszenienautica.pl\/en\/et_pb_layout\/listgrid-design-31\/\">Kontynuuj czytanie<span> ListGrid Design-31<\/span><\/a><\/p>","protected":false},"author":1,"featured_media":0,"parent":0,"menu_order":0,"comment_status":"closed","ping_status":"closed","template":"","meta":{"_et_pb_use_builder":"on","_et_pb_old_content":"","_et_gb_content_width":"","inline_featured_image":false,"footnotes":"","_links_to":"","_links_to_target":""},"class_list":["post-248959","page","type-page","status-publish","hentry"],"yoast_head":"<!-- This site is optimized with the Yoast SEO plugin v25.4 - https:\/\/yoast.com\/wordpress\/plugins\/seo\/ -->\n<title>Historia - Stowarzyszenie Nautica<\/title>\n<meta name=\"robots\" content=\"index, follow, max-snippet:-1, max-image-preview:large, max-video-preview:-1\" \/>\n<link rel=\"canonical\" href=\"https:\/\/stowarzyszenienautica.pl\/en\/historia\/\" \/>\n<meta property=\"og:locale\" content=\"en_GB\" \/>\n<meta property=\"og:type\" content=\"article\" \/>\n<meta property=\"og:title\" content=\"Historia - Stowarzyszenie Nautica\" \/>\n<meta property=\"og:description\" content=\"Divi List Grid Design - 31[digr_divi_list_grid_item use_icon=&quot;on&quot; font_icon=&quot;&#xf785;||fa||400&quot; icon_size=&quot;28px&quot; icon_vertical_alignment=&quot;middle&quot; use_shape=&quot;on&quot; shape_pattern=&quot;diamond&quot; shape_size=&quot;54px&quot; shape_icon_line_height=&quot;47px&quot; shape_color=&quot;#2023b0&quot; shape_border_color=&quot;#2023b0&quot; shape_border_width=&quot;1px&quot; title=&quot;Pellentesque felis&quot; shape_background_color_bgcolor=&quot;#FFFFFF&quot; content_padding=&quot;0px||||false|false&quot; badge_container_padding=&quot;||||false|false&quot; image_icon_container_margin=&quot;-50px||||false|false&quot; _builder_version=&quot;4.18.0&quot; _module_preset=&quot;default&quot; transform_translate_linked__hover=&quot;off&quot; border_width_all_image=&quot;1px&quot; border_style_all_image=&quot;none&quot; global_colors_info=&quot;{}&quot; shape_background_color__hover_enabled=&quot;on|hover&quot;&hellip; Kontynuuj czytanie ListGrid Design-31\" \/>\n<meta property=\"og:url\" content=\"https:\/\/stowarzyszenienautica.pl\/en\/historia\/\" \/>\n<meta property=\"og:site_name\" content=\"Stowarzyszenie Nautica\" \/>\n<meta property=\"article:modified_time\" content=\"2025-03-04T14:18:11+00:00\" \/>\n<meta name=\"twitter:card\" content=\"summary_large_image\" \/>\n<script type=\"application\/ld+json\" class=\"yoast-schema-graph\">{\"@context\":\"https:\/\/schema.org\",\"@graph\":[{\"@type\":\"WebPage\",\"@id\":\"https:\/\/stowarzyszenienautica.pl\/historia\/\",\"url\":\"https:\/\/stowarzyszenienautica.pl\/historia\/\",\"name\":\"Historia - Stowarzyszenie Nautica\",\"isPartOf\":{\"@id\":\"https:\/\/stowarzyszenienautica.pl\/#website\"},\"datePublished\":\"2025-02-24T17:38:38+00:00\",\"dateModified\":\"2025-03-04T14:18:11+00:00\",\"breadcrumb\":{\"@id\":\"https:\/\/stowarzyszenienautica.pl\/historia\/#breadcrumb\"},\"inLanguage\":\"en-GB\",\"potentialAction\":[{\"@type\":\"ReadAction\",\"target\":[\"https:\/\/stowarzyszenienautica.pl\/historia\/\"]}]},{\"@type\":\"BreadcrumbList\",\"@id\":\"https:\/\/stowarzyszenienautica.pl\/historia\/#breadcrumb\",\"itemListElement\":[{\"@type\":\"ListItem\",\"position\":1,\"name\":\"Strona g\u0142\u00f3wna\",\"item\":\"https:\/\/stowarzyszenienautica.pl\/\"},{\"@type\":\"ListItem\",\"position\":2,\"name\":\"Historia\"}]},{\"@type\":\"WebSite\",\"@id\":\"https:\/\/stowarzyszenienautica.pl\/#website\",\"url\":\"https:\/\/stowarzyszenienautica.pl\/\",\"name\":\"Stowarzyszenie Nautica\",\"description\":\"Bariery s\u0105 tylko na powierzchni\",\"potentialAction\":[{\"@type\":\"SearchAction\",\"target\":{\"@type\":\"EntryPoint\",\"urlTemplate\":\"https:\/\/stowarzyszenienautica.pl\/?s={search_term_string}\"},\"query-input\":{\"@type\":\"PropertyValueSpecification\",\"valueRequired\":true,\"valueName\":\"search_term_string\"}}],\"inLanguage\":\"en-GB\"}]}<\/script>\n<!-- \/ Yoast SEO plugin. -->","yoast_head_json":{"title":"Historia - Stowarzyszenie Nautica","robots":{"index":"index","follow":"follow","max-snippet":"max-snippet:-1","max-image-preview":"max-image-preview:large","max-video-preview":"max-video-preview:-1"},"canonical":"https:\/\/stowarzyszenienautica.pl\/en\/historia\/","og_locale":"en_GB","og_type":"article","og_title":"Historia - Stowarzyszenie Nautica","og_description":"Divi List Grid Design - 31[digr_divi_list_grid_item use_icon=\"on\" font_icon=\"&#xf785;||fa||400\" icon_size=\"28px\" icon_vertical_alignment=\"middle\" use_shape=\"on\" shape_pattern=\"diamond\" shape_size=\"54px\" shape_icon_line_height=\"47px\" shape_color=\"#2023b0\" shape_border_color=\"#2023b0\" shape_border_width=\"1px\" title=\"Pellentesque felis\" shape_background_color_bgcolor=\"#FFFFFF\" content_padding=\"0px||||false|false\" badge_container_padding=\"||||false|false\" image_icon_container_margin=\"-50px||||false|false\" _builder_version=\"4.18.0\" _module_preset=\"default\" transform_translate_linked__hover=\"off\" border_width_all_image=\"1px\" border_style_all_image=\"none\" global_colors_info=\"{}\" shape_background_color__hover_enabled=\"on|hover\"&hellip; Kontynuuj czytanie ListGrid Design-31","og_url":"https:\/\/stowarzyszenienautica.pl\/en\/historia\/","og_site_name":"Stowarzyszenie Nautica","article_modified_time":"2025-03-04T14:18:11+00:00","twitter_card":"summary_large_image","schema":{"@context":"https:\/\/schema.org","@graph":[{"@type":"WebPage","@id":"https:\/\/stowarzyszenienautica.pl\/historia\/","url":"https:\/\/stowarzyszenienautica.pl\/historia\/","name":"Historia - Stowarzyszenie Nautica","isPartOf":{"@id":"https:\/\/stowarzyszenienautica.pl\/#website"},"datePublished":"2025-02-24T17:38:38+00:00","dateModified":"2025-03-04T14:18:11+00:00","breadcrumb":{"@id":"https:\/\/stowarzyszenienautica.pl\/historia\/#breadcrumb"},"inLanguage":"en-GB","potentialAction":[{"@type":"ReadAction","target":["https:\/\/stowarzyszenienautica.pl\/historia\/"]}]},{"@type":"BreadcrumbList","@id":"https:\/\/stowarzyszenienautica.pl\/historia\/#breadcrumb","itemListElement":[{"@type":"ListItem","position":1,"name":"Strona g\u0142\u00f3wna","item":"https:\/\/stowarzyszenienautica.pl\/"},{"@type":"ListItem","position":2,"name":"Historia"}]},{"@type":"WebSite","@id":"https:\/\/stowarzyszenienautica.pl\/#website","url":"https:\/\/stowarzyszenienautica.pl\/","name":"Stowarzyszenie Nautica","description":"Bariery s\u0105 tylko na powierzchni","potentialAction":[{"@type":"SearchAction","target":{"@type":"EntryPoint","urlTemplate":"https:\/\/stowarzyszenienautica.pl\/?s={search_term_string}"},"query-input":{"@type":"PropertyValueSpecification","valueRequired":true,"valueName":"search_term_string"}}],"inLanguage":"en-GB"}]}},"_links":{"self":[{"href":"https:\/\/stowarzyszenienautica.pl\/en\/wp-json\/wp\/v2\/pages\/248959","targetHints":{"allow":["GET"]}}],"collection":[{"href":"https:\/\/stowarzyszenienautica.pl\/en\/wp-json\/wp\/v2\/pages"}],"about":[{"href":"https:\/\/stowarzyszenienautica.pl\/en\/wp-json\/wp\/v2\/types\/page"}],"author":[{"embeddable":true,"href":"https:\/\/stowarzyszenienautica.pl\/en\/wp-json\/wp\/v2\/users\/1"}],"replies":[{"embeddable":true,"href":"https:\/\/stowarzyszenienautica.pl\/en\/wp-json\/wp\/v2\/comments?post=248959"}],"version-history":[{"count":4,"href":"https:\/\/stowarzyszenienautica.pl\/en\/wp-json\/wp\/v2\/pages\/248959\/revisions"}],"predecessor-version":[{"id":249243,"href":"https:\/\/stowarzyszenienautica.pl\/en\/wp-json\/wp\/v2\/pages\/248959\/revisions\/249243"}],"wp:attachment":[{"href":"https:\/\/stowarzyszenienautica.pl\/en\/wp-json\/wp\/v2\/media?parent=248959"}],"curies":[{"name":"wp","href":"https:\/\/api.w.org\/{rel}","templated":true}]}}