{"id":250895,"date":"2025-11-26T13:44:50","date_gmt":"2025-11-26T13:44:50","guid":{"rendered":"https:\/\/stowarzyszenienautica.pl\/?page_id=250895"},"modified":"2025-12-22T10:33:15","modified_gmt":"2025-12-22T10:33:15","slug":"zycie-zaczyna-sie-po-55","status":"publish","type":"page","link":"https:\/\/stowarzyszenienautica.pl\/en\/zycie-zaczyna-sie-po-55\/","title":{"rendered":"\u017bycie zaczyna si\u0119 po 55"},"content":{"rendered":"<p>[et_pb_section fb_built=&#8221;1&#8243; admin_label=&#8221;Header&#8221; module_id=&#8221;cntnt&#8221; _builder_version=&#8221;4.20.4&#8243; _module_preset=&#8221;6ef2a56c-79d6-4497-a890-db28d4ae94a7&#8243; custom_padding=&#8221;35px||13px||false|false&#8221; custom_padding_phone=&#8221;100px||||false|false&#8221; locked=&#8221;off&#8221; collapsed=&#8221;on&#8221; global_colors_info=&#8221;{%22gcid-1f1bf5fb-a99d-4acc-8d9e-ddac074c158c%22:%91%22background_color_gradient_stops%22,%22background_color_gradient_stops%22%93,%22gcid-4c79ba3d-a281-4fb6-9b14-02f9a4c793f2%22:%91%22background_color_gradient_stops%22,%22background_color_gradient_stops%22%93,%22gcid-688c464a-d6f2-4296-b592-395352c71c79%22:%91%22background_color_gradient_stops%22,%22background_color_gradient_stops%22%93,%22gcid-d119accd-44d7-4f2f-b9d7-599c8463324b%22:%91%22background_color_gradient_stops%22,%22background_color_gradient_stops%22%93}&#8221;][et_pb_row column_structure=&#8221;1_2,1_2&#8243; _builder_version=&#8221;4.27.4&#8243; _module_preset=&#8221;default&#8221; global_colors_info=&#8221;{}&#8221;][et_pb_column type=&#8221;1_2&#8243; _builder_version=&#8221;4.27.4&#8243; _module_preset=&#8221;default&#8221; global_colors_info=&#8221;{}&#8221;][et_pb_image src=&#8221;https:\/\/stowarzyszenienautica.pl\/wp-content\/uploads\/2025\/11\/logotyp_fundacja_lotto.avif&#8221; title_text=&#8221;logotyp_fundacja_lotto&#8221; _builder_version=&#8221;4.27.4&#8243; _module_preset=&#8221;default&#8221; global_colors_info=&#8221;{}&#8221;][\/et_pb_image][\/et_pb_column][et_pb_column type=&#8221;1_2&#8243; _builder_version=&#8221;4.27.4&#8243; _module_preset=&#8221;default&#8221; global_colors_info=&#8221;{}&#8221;][et_pb_image src=&#8221;https:\/\/stowarzyszenienautica.pl\/wp-content\/uploads\/2025\/11\/logotyp_ministerstwo_sportu-_i_turystyki.avif&#8221; title_text=&#8221;logotyp_ministerstwo_sportu _i_turystyki&#8221; align=&#8221;right&#8221; _builder_version=&#8221;4.27.4&#8243; _module_preset=&#8221;default&#8221; global_colors_info=&#8221;{}&#8221;][\/et_pb_image][\/et_pb_column][\/et_pb_row][et_pb_row _builder_version=&#8221;4.20.4&#8243; _module_preset=&#8221;123d0940-5161-4d86-b7c8-a0c2236bc7e2&#8243; custom_padding=&#8221;0px||15px|||&#8221; global_colors_info=&#8221;{}&#8221;][et_pb_column type=&#8221;4_4&#8243; _builder_version=&#8221;4.20.4&#8243; _module_preset=&#8221;default&#8221; background_enable_color=&#8221;off&#8221; custom_padding=&#8221;||||false|false&#8221; border_radii=&#8221;off|20px|20px||&#8221; global_colors_info=&#8221;{}&#8221;][et_pb_text _builder_version=&#8221;4.27.4&#8243; _module_preset=&#8221;02eeced3-2a8d-4ae7-8cf6-717a040a0f56&#8243; custom_margin=&#8221;||0px|||&#8221; global_colors_info=&#8221;{}&#8221;]<\/p>\n<p style=\"text-align: left;\">Nazwa projektu:<\/p>\n<p>[\/et_pb_text][et_pb_text _builder_version=&#8221;4.27.4&#8243; _module_preset=&#8221;431d1a3e-b65b-4505-87e0-0e99aa205f7f&#8221; locked=&#8221;off&#8221; global_colors_info=&#8221;{}&#8221;]<\/p>\n<h2 style=\"text-align: left;\">\u017bycie zaczyna si\u0119 po&nbsp;55<\/h2>\n<p>[\/et_pb_text][\/et_pb_column][\/et_pb_row][\/et_pb_section][et_pb_section fb_built=&#8221;1&#8243; admin_label=&#8221;About&#8221; _builder_version=&#8221;4.25.2&#8243; _module_preset=&#8221;default&#8221; background_color=&#8221;gcid-2352d280-fe84-43b1-a71e-f400c35a526a&#8221; custom_margin=&#8221;||||false&#8221; custom_padding=&#8221;13px||13px||true|false&#8221; locked=&#8221;off&#8221; collapsed=&#8221;on&#8221; global_colors_info=&#8221;{%22gcid-2352d280-fe84-43b1-a71e-f400c35a526a%22:%91%22background_color%22%93}&#8221;][et_pb_row _builder_version=&#8221;4.20.4&#8243; _module_preset=&#8221;default&#8221; global_colors_info=&#8221;{}&#8221;][et_pb_column type=&#8221;4_4&#8243; _builder_version=&#8221;4.20.4&#8243; _module_preset=&#8221;default&#8221; global_colors_info=&#8221;{}&#8221;][et_pb_text _builder_version=&#8221;4.27.4&#8243; _module_preset=&#8221;02eeced3-2a8d-4ae7-8cf6-717a040a0f56&#8243; global_colors_info=&#8221;{}&#8221;]<\/p>\n<p>Termin realizacji: lipiec-listopad 2025<\/p>\n<p style=\"text-align: left;\">Projekt dofinansowano z&nbsp;bud\u017cetu pa\u0144stwa, \u015brodkami b\u0119d\u0105cymi w&nbsp;dyspozycji Ministerstwa Sportu i&nbsp;Turystyki, z&nbsp;programu \u201eAktywno\u015b\u0107 dla ka\u017cdego 2025\u201d zadanie 3 \u201eAktywny Senior\u201d. Warto\u015b\u0107 dofinansowania 232610,08 z\u0142. Ca\u0142kowita warto\u015b\u0107 projektu 261370 z\u0142.<\/p>\n<p>[\/et_pb_text][et_pb_text _builder_version=&#8221;4.27.4&#8243; _module_preset=&#8221;default&#8221; global_colors_info=&#8221;{}&#8221;]<\/p>\n<p>Projekt <em>\u017bycie zaczyna si\u0119 po&nbsp;55<\/em> sk\u0142ada\u0142 si\u0119 z&nbsp;trzech zada\u0144:<\/p>\n<ul>\n<li><strong>&#8222;Strzela\u0107 ka\u017cdy mo\u017ce&#8221; [zaj\u0119cia sportowo-rekreacyjne] &#8211; cykl zaj\u0119\u0107 szkoleniowych zrealizowany w&nbsp;obiekcie krytym (strzelnicy) przy ul.&nbsp;Fabrycznej w&nbsp;Krakowie w&nbsp;okresie wrzesie\u0144-listopad 2025 roku.<\/strong><\/li>\n<\/ul>\n<p>W&nbsp;strzelaniu z&nbsp;broni palnej szkoli\u0142a si\u0119 grupa 20 senior\u00f3w p\u0142ci obojga, w&nbsp;wieku powy\u017cej 55 lat (w&nbsp;tym OzN) pod&nbsp;opiek\u0105 do\u015bwiadczonych, certyfikowanych instruktor\u00f3w. Zaj\u0119cia strzeleckie odbywa\u0142y si\u0119 w&nbsp;obiekcie zamkni\u0119tym, dostosowanym do&nbsp;potrzeb os\u00f3b z&nbsp;niepe\u0142nosprawno\u015bciami. Kursanci nauczyli si\u0119 pos\u0142ugiwa\u0107 broni\u0105 paln\u0105 kr\u00f3tk\u0105 i&nbsp;d\u0142ug\u0105, dobran\u0105 do&nbsp;mo\u017cliwo\u015bci fizycznych uczestnika, w&nbsp;wi\u0119kszo\u015bci przypadk\u00f3w by\u0142a to&nbsp;bro\u0144 o&nbsp;ma\u0142ym odrzucie. Zaj\u0119cia strzeleckie odbywa\u0142y si\u0119 w&nbsp;obiekcie zlokalizowanym w&nbsp;centrum Krakowa, miejscu dobrze skomunikowanym, dysponuj\u0105cym miejscami parkingowymi. Wolontariusze zapewnili osobom z&nbsp;niepe\u0142nosprawno\u015bciami uczestnicz\u0105cym w&nbsp;Projekcie wszelk\u0105 pomoc i&nbsp;wsparcie w&nbsp;realizacji zaj\u0119\u0107, od&nbsp;momentu przyj\u015bcia\/przyjazdu do&nbsp;chwili opuszczenia strzelnicy.<\/p>\n<ul>\n<li><strong>&#8222;Po\u017cegnanie lata pod&nbsp;wod\u0105&#8221; [impreza sportowo-rekreacyjna] \u2013 og\u00f3lnopolskie zawody nurkowe, jednodniowa impreza towarzyska, kt\u00f3ra&nbsp;odby\u0142a si\u0119 26.10.2025 roku w&nbsp;obiekcie krytym (basenie mi\u0119dzyszkolnym) przy os.&nbsp;Kolorowym 29 B&nbsp;w&nbsp;Krakowie.<\/strong><\/li>\n<\/ul>\n<p>Zorganizowano jednodniowe zawody nurkowe dla ponad 50 os\u00f3b w&nbsp;wieku powy\u017cej 55 lat, w&nbsp;tym z&nbsp;niepe\u0142nosprawno\u015bciami [OzN]. Zawodnicy zostali podzieleni na&nbsp;grupy wed\u0142ug stopnia samodzielno\u015bci w&nbsp;wodzie. Zawody obs\u0142ugiwane by\u0142y przez&nbsp;wolontariuszy Stowarzyszenia oraz&nbsp;instruktor\u00f3w nurkowania z&nbsp;certyfikatem HSA (Handicapped Scuba Association). Selekcja ch\u0119tnych do&nbsp;udzia\u0142u w&nbsp;zawodach odby\u0142a si\u0119 na&nbsp;podstawie ankiety, opracowanej przez&nbsp;psychologa i&nbsp;instruktora nurkowego (wolontariuszy, cz\u0142onk\u00f3w Stowarzyszenia). Dla ch\u0119tnych do&nbsp;rywalizacji przygotowano trasy podwodne (o&nbsp;r\u00f3\u017cnym stopniu trudno\u015bci), zaopatrzone w&nbsp;elementy sprawno\u015bciowe, w&nbsp;tym slalom, tor przeszk\u00f3d o&nbsp;przestrzennej konfiguracji, le\u017c\u0105ce na&nbsp;dnie i&nbsp;unosz\u0105ce si\u0119 w&nbsp;wodzie \u201efanty\u201d do&nbsp;zebrania oraz&nbsp;zadania do&nbsp;wykonania. Dla os\u00f3b zainteresowanych rozpocz\u0119ciem przygody z&nbsp;nurkowaniem przeprowadzono nurkowania wprowadzaj\u0105ce (tzw. Intro), kt\u00f3re cieszy\u0142y si\u0119 du\u017cym zainteresowaniem uczestnik\u00f3w. Odby\u0142o si\u0119 r\u00f3wnie\u017c kilka sesji zaj\u0119ciowych aerobiku w&nbsp;wodzie. Zorganizowano te\u017c szereg szkole\u0144 dla uczestnik\u00f3w imprezy z&nbsp;pos\u0142ugiwania si\u0119 komputerem nurkowym przed&nbsp;i&nbsp;podczas nurkowania, z&nbsp;teorii i&nbsp;techniki nurkowania oraz&nbsp;fotografowania i&nbsp;filmowania pod&nbsp;wod\u0105. Zawodnicy uczestnicz\u0105cy w&nbsp;zadaniu mogli skorzysta\u0107 nieodp\u0142atnie z&nbsp;wyposa\u017cenia, kt\u00f3rym&nbsp;dysponuje Organizator. Organizacja wydarzenia mia\u0142a na&nbsp;celu integracj\u0119 spo\u0142eczn\u0105 jego uczestnik\u00f3w &#8211; senior\u00f3w, w&nbsp;tym OzN oraz&nbsp;kadry instruktorskiej i&nbsp;wolontariuszy, przy wykorzystaniu aktywno\u015bci sportowej jak\u0105 daje nurkowanie<\/p>\n<ul>\n<li><strong>&#8222;Turbonurki i&nbsp;turboloty&#8221; [impreza sportowo-rekreacyjna] \u2013 dwudniowy wyjazd sportowo-integracyjny, zrealizowany w&nbsp;okresie 11-12 pa\u017adziernika 2025 roku w&nbsp;Mszczonowie (basen Deepspot) oraz&nbsp;w&nbsp;Morach (tunel aerodynamiczny Flyspot).<\/strong><\/li>\n<\/ul>\n<p>Zadanie polega\u0142o na&nbsp;zorganizowaniu dwudniowego wyjazdu dla 30 &#8222;senior\u00f3w&#8221;, w&nbsp;wieku powy\u017cej 55 lat, w&nbsp;tym z&nbsp;niepe\u0142nosprawno\u015bciami [OzN] wraz z&nbsp;wolontariuszami i&nbsp;kadr\u0105 instruktor\u00f3w nurkowania, gdzie podopieczni mieli mo\u017cliwo\u015b\u0107 nurkowania w&nbsp;basenie Deepspot w&nbsp;Mszczonowie (najg\u0142\u0119bszym basenie w&nbsp;Europie) oraz&nbsp;mieli mo\u017cliwo\u015b\u0107 \u201efruwania\u201d (wra\u017cenie skoku spadochronowego) w&nbsp;tunelu aerodynamicznym w&nbsp;Morach. Dla zainteresowanych uczestnik\u00f3w imprezy przeprowadzono szkolenie teoretyczne oraz&nbsp;warsztaty z&nbsp;pos\u0142ugiwania si\u0119 nadci\u015bnieniow\u0105 mask\u0105 pe\u0142notwarzow\u0105. Celem zadania by\u0142o zwi\u0119kszenie aktywno\u015bci sportowej oraz&nbsp;integracji spo\u0142ecznej senior\u00f3w poprzez udzia\u0142 w&nbsp;imprezie rekreacyjno-sportowej, wspieranie i&nbsp;utrzymywanie kontaktu z&nbsp;otoczeniem, promocja sportu os\u00f3b starszych (w&nbsp;tym OzN) i&nbsp;rozw\u00f3j wolontariatu.\u00a0<\/p>\n<p>[\/et_pb_text][\/et_pb_column][\/et_pb_row][\/et_pb_section][et_pb_section fb_built=&#8221;1&#8243; _builder_version=&#8221;4.20.4&#8243; _module_preset=&#8221;default&#8221; background_enable_color=&#8221;off&#8221; use_background_color_gradient=&#8221;on&#8221; background_color_gradient_stops=&#8221;#0192df 0%|rgba(1,154,187,0.7) 100%&#8221; background_color_gradient_overlays_image=&#8221;on&#8221; background_image=&#8221;https:\/\/stowarzyszenienautica.pl\/wp-content\/uploads\/2025\/03\/IMG_0784-scaled.avif&#8221; parallax=&#8221;on&#8221; custom_padding=&#8221;90px||75px||false|false&#8221; top_divider_style=&#8221;mountains2&#8243; top_divider_color=&#8221;#015989&#8243; bottom_divider_style=&#8221;mountains2&#8243; bottom_divider_color=&#8221;#015989&#8243; locked=&#8221;off&#8221; global_colors_info=&#8221;{}&#8221;][et_pb_row custom_padding_last_edited=&#8221;on|desktop&#8221; _builder_version=&#8221;4.20.4&#8243; _module_preset=&#8221;default&#8221; background_enable_color=&#8221;off&#8221; custom_margin=&#8221;|auto|54px|auto|false|false&#8221; custom_padding=&#8221;5px||5px||true|false&#8221; custom_padding_tablet=&#8221;30px|30px|30px|30px|true|true&#8221; custom_padding_phone=&#8221;20px|20px|20px|20px|true|true&#8221; border_radii=&#8221;on|30px|30px|30px|30px&#8221; global_colors_info=&#8221;{%22gcid-4c79ba3d-a281-4fb6-9b14-02f9a4c793f2%22:%91%22background_color%22%93}&#8221;][et_pb_column type=&#8221;4_4&#8243; _builder_version=&#8221;4.25.2&#8243; _module_preset=&#8221;default&#8221; background_enable_color=&#8221;off&#8221; global_colors_info=&#8221;{%22gcid-4c79ba3d-a281-4fb6-9b14-02f9a4c793f2%22:%91%22background_color%22%93}&#8221;][et_pb_text _builder_version=&#8221;4.27.4&#8243; _module_preset=&#8221;1e78e8cc-5396-4446-930f-3d06fbc11056&#8243; text_font=&#8221;||||||||&#8221; text_text_color=&#8221;#FFFFFF&#8221; text_font_size=&#8221;20px&#8221; link_text_color=&#8221;gcid-3483cca2-7889-4cd9-9424-1846d84f0496&#8243; header_text_color=&#8221;#3B4D66&#8243; header_2_font=&#8221;||||||||&#8221; header_2_text_color=&#8221;#FFFFFF&#8221; header_2_font_size=&#8221;32px&#8221; text_font_size_tablet=&#8221;20px&#8221; text_font_size_phone=&#8221;20px&#8221; text_font_size_last_edited=&#8221;on|phone&#8221; header_2_font_size_tablet=&#8221;&#8221; header_2_font_size_phone=&#8221;32px&#8221; header_2_font_size_last_edited=&#8221;on|phone&#8221; text_text_shadow_style=&#8221;preset3&#8243; global_colors_info=&#8221;{%22gcid-1f1b4e15-7cc6-4e13-8154-74d77a956460%22:%91%22quote_text_color%22,%22quote_border_color%22%93,%22gcid-3483cca2-7889-4cd9-9424-1846d84f0496%22:%91%22link_text_color%22%93}&#8221;]<\/p>\n<p>Podsumowaniem dzia\u0142a\u0144 Projektu by\u0142a wystawa fotograficzna z&nbsp;przebiegu realizacji zada\u0144 projektu, zorganizowana w&nbsp;ostatnim tygodniu listopada 2025 roku w&nbsp;Centrum Obywatelskim C10 zlokalizowanym w&nbsp;osiedlu Centrum C&nbsp;w&nbsp;Krakowie.<\/p>\n<p>[\/et_pb_text][\/et_pb_column][\/et_pb_row][\/et_pb_section][et_pb_section fb_built=&#8221;1&#8243; admin_label=&#8221;About&#8221; _builder_version=&#8221;4.25.2&#8243; _module_preset=&#8221;default&#8221; background_color=&#8221;gcid-2352d280-fe84-43b1-a71e-f400c35a526a&#8221; custom_margin=&#8221;||||false&#8221; custom_padding=&#8221;13px||13px||true|false&#8221; locked=&#8221;off&#8221; collapsed=&#8221;on&#8221; global_colors_info=&#8221;{%22gcid-2352d280-fe84-43b1-a71e-f400c35a526a%22:%91%22background_color%22%93}&#8221;][et_pb_row _builder_version=&#8221;4.20.4&#8243; _module_preset=&#8221;default&#8221; global_colors_info=&#8221;{}&#8221;][et_pb_column type=&#8221;4_4&#8243; _builder_version=&#8221;4.20.4&#8243; _module_preset=&#8221;default&#8221; global_colors_info=&#8221;{}&#8221;][et_pb_text _builder_version=&#8221;4.27.4&#8243; _module_preset=&#8221;default&#8221; global_colors_info=&#8221;{}&#8221;]<\/p>\n<p>W&nbsp;ramach realizacji Projektu pokazali\u015bmy decydentom, mediom i&nbsp;spo\u0142ecze\u0144stwu, \u017ce&nbsp;szeroko rozumiany sport (tutaj strzelanie, p\u0142ywanie, nurkowanie hydroterapia czy&nbsp;skoki spadochronowe) jest aktywno\u015bci\u0105 dost\u0119pn\u0105 dla wszystkich, r\u00f3wnie\u017c dla os\u00f3b starszych a&nbsp;nawet dla os\u00f3b z&nbsp;niepe\u0142nosprawno\u015bciami [OzN]. Uczestnicy Projektu poznali \u015bwiat podwodny i&nbsp;do\u015bwiadczyli &#8222;zerowej grawitacji&#8221;, zar\u00f3wno w&nbsp;wodzie jak i&nbsp;w&nbsp;powietrzu oraz&nbsp;przeszli kurs strzelania z&nbsp;broni palnej.<\/p>\n<p>G\u0142\u00f3wnym celem niniejszego Projektu by\u0142o stworzenie optymalnych warunk\u00f3w, umo\u017cliwiaj\u0105cych osobom, kt\u00f3re uko\u0144czy\u0142y 55 lat zwi\u0119kszenie uczestnictwa w&nbsp;r\u00f3\u017cnych formach aktywno\u015bci sportowej, w\u0142\u0105czenie w&nbsp;g\u0142\u00f3wne nurty \u017cycia spo\u0142ecznego oraz&nbsp;wyr\u00f3wnanie szans w&nbsp;dost\u0119pie do&nbsp;przestrzeni publicznej w&nbsp;obszarze sportu. Celami szczeg\u00f3\u0142owymi odno\u015bnego Projektu by\u0142y:<\/p>\n<ul>\n<li>zwi\u0119kszenie aktywno\u015bci ruchowej os\u00f3b starszych, prowadz\u0105cej do&nbsp;poprawy sprawno\u015bci fizycznej, stanu zdrowia i&nbsp;zwi\u0105zanej z&nbsp;tym poprawy jako\u015bci \u017cycia;<\/li>\n<li>utrwalenie nawyku podnoszenia poziomu sprawno\u015bci fizycznej;<\/li>\n<li>kszta\u0142towanie zdrowego stylu \u017cycia;<\/li>\n<li>rozbudzenie zainteresowa\u0144 sportowych os\u00f3b starszych w&nbsp;zale\u017cno\u015bci od&nbsp;potrzeb, mo\u017cliwo\u015bci i&nbsp;preferencji uczestnika Projektu;<\/li>\n<li>tworzenie alternatywnych form sp\u0119dzania wolnego czasu dla os\u00f3b w&nbsp;wieku 55+i;<\/li>\n<li>kszta\u0142towanie zdrowego wsp\u00f3\u0142zawodnictwa, w&nbsp;tym poprzez umiej\u0119tno\u015b\u0107 kole\u017ce\u0144skiej rywalizacji;<\/li>\n<li>podniesienie \u015bwiadomo\u015bci spo\u0142ecze\u0144stwa w&nbsp;zakresie sportu os\u00f3b starszych.<\/li>\n<\/ul>\n<p>Powy\u017csze cele zosta\u0142y osi\u0105gni\u0119te poprzez realizacj\u0119 zaplanowanych dzia\u0142a\u0144 Projektu w&nbsp;obszarze organizacji imprez i&nbsp;trening\u00f3w sportowych dla os\u00f3b, kt\u00f3re uko\u0144czy\u0142y 55 lat.<\/p>\n<p>[\/et_pb_text][et_pb_image src=&#8221;https:\/\/stowarzyszenienautica.pl\/wp-content\/uploads\/2025\/12\/Plakat-obowiazkowy-projektu-A3-1.avif&#8221; title_text=&#8221;AS_plakat__budzet__panstwa__420x297 (2)&#8221; align=&#8221;center&#8221; _builder_version=&#8221;4.27.4&#8243; _module_preset=&#8221;default&#8221; min_height=&#8221;500px&#8221; height=&#8221;500px&#8221; max_height=&#8221;500px&#8221; global_colors_info=&#8221;{}&#8221;][\/et_pb_image][et_pb_text _builder_version=&#8221;4.27.4&#8243; _module_preset=&#8221;02eeced3-2a8d-4ae7-8cf6-717a040a0f56&#8243; global_colors_info=&#8221;{}&#8221;]<\/p>\n<p style=\"text-align: left;\">Galeria projektu:<\/p>\n<p>[\/et_pb_text][digr_justifiedGallery gallery_ids=&#8221;250918,250917,250916,250915,250914,250913,250912,250911,250910,250909,250908,250907,250906,250905,250904,250903,250902&#8243; image_size=&#8221;large&#8221; filter_nav=&#8221;off&#8221; hover_type=&#8221;advanced_hover&#8221; _builder_version=&#8221;4.27.4&#8243; _module_preset=&#8221;default&#8221; global_colors_info=&#8221;{}&#8221;][\/digr_justifiedGallery][\/et_pb_column][\/et_pb_row][\/et_pb_section]<\/p>","protected":false},"excerpt":{"rendered":"<p>Nazwa projektu:\u017bycie zaczyna si\u0119 po&nbsp;55Termin realizacji: lipiec-listopad 2025 Projekt dofinansowano z&nbsp;bud\u017cetu pa\u0144stwa, \u015brodkami b\u0119d\u0105cymi w&nbsp;dyspozycji Ministerstwa Sportu i&nbsp;Turystyki, z&nbsp;programu \u201eAktywno\u015b\u0107 dla ka\u017cdego 2025\u201d zadanie 3 \u201eAktywny Senior\u201d. Warto\u015b\u0107 dofinansowania 232610,08 z\u0142. Ca\u0142kowita warto\u015b\u0107 projektu 261370 z\u0142.Projekt \u017bycie zaczyna si\u0119 po&nbsp;55 sk\u0142ada\u0142 si\u0119 z&nbsp;trzech zada\u0144: &#8222;Strzela\u0107 ka\u017cdy mo\u017ce&#8221; [zaj\u0119cia sportowo-rekreacyjne] &#8211; cykl zaj\u0119\u0107 szkoleniowych zrealizowany w&nbsp;obiekcie&hellip; <a class=\"continue\" href=\"https:\/\/stowarzyszenienautica.pl\/en\/et_pb_layout\/listgrid-design-31\/\">Kontynuuj czytanie<span> ListGrid Design-31<\/span><\/a><\/p>","protected":false},"author":1,"featured_media":0,"parent":0,"menu_order":0,"comment_status":"closed","ping_status":"closed","template":"","meta":{"_et_pb_use_builder":"on","_et_pb_old_content":"","_et_gb_content_width":"","inline_featured_image":false,"footnotes":"","_links_to":"","_links_to_target":""},"class_list":["post-250895","page","type-page","status-publish","hentry"],"yoast_head":"<!-- This site is optimized with the Yoast SEO plugin v25.4 - https:\/\/yoast.com\/wordpress\/plugins\/seo\/ -->\n<title>\u017bycie zaczyna si\u0119 po 55 - Stowarzyszenie Nautica<\/title>\n<meta name=\"robots\" content=\"index, follow, max-snippet:-1, max-image-preview:large, max-video-preview:-1\" \/>\n<link rel=\"canonical\" href=\"https:\/\/stowarzyszenienautica.pl\/en\/zycie-zaczyna-sie-po-55\/\" \/>\n<meta property=\"og:locale\" content=\"en_GB\" \/>\n<meta property=\"og:type\" content=\"article\" \/>\n<meta property=\"og:title\" content=\"\u017bycie zaczyna si\u0119 po 55 - Stowarzyszenie Nautica\" \/>\n<meta property=\"og:description\" content=\"Divi List Grid Design - 31[digr_divi_list_grid_item use_icon=&quot;on&quot; font_icon=&quot;&#xf785;||fa||400&quot; icon_size=&quot;28px&quot; icon_vertical_alignment=&quot;middle&quot; use_shape=&quot;on&quot; shape_pattern=&quot;diamond&quot; shape_size=&quot;54px&quot; shape_icon_line_height=&quot;47px&quot; shape_color=&quot;#2023b0&quot; shape_border_color=&quot;#2023b0&quot; shape_border_width=&quot;1px&quot; title=&quot;Pellentesque felis&quot; shape_background_color_bgcolor=&quot;#FFFFFF&quot; content_padding=&quot;0px||||false|false&quot; badge_container_padding=&quot;||||false|false&quot; image_icon_container_margin=&quot;-50px||||false|false&quot; _builder_version=&quot;4.18.0&quot; _module_preset=&quot;default&quot; transform_translate_linked__hover=&quot;off&quot; border_width_all_image=&quot;1px&quot; border_style_all_image=&quot;none&quot; global_colors_info=&quot;{}&quot; shape_background_color__hover_enabled=&quot;on|hover&quot;&hellip; Kontynuuj czytanie ListGrid Design-31\" \/>\n<meta property=\"og:url\" content=\"https:\/\/stowarzyszenienautica.pl\/en\/zycie-zaczyna-sie-po-55\/\" \/>\n<meta property=\"og:site_name\" content=\"Stowarzyszenie Nautica\" \/>\n<meta property=\"article:modified_time\" content=\"2025-12-22T10:33:15+00:00\" \/>\n<meta name=\"twitter:card\" content=\"summary_large_image\" \/>\n<script type=\"application\/ld+json\" class=\"yoast-schema-graph\">{\"@context\":\"https:\/\/schema.org\",\"@graph\":[{\"@type\":\"WebPage\",\"@id\":\"https:\/\/stowarzyszenienautica.pl\/zycie-zaczyna-sie-po-55\/\",\"url\":\"https:\/\/stowarzyszenienautica.pl\/zycie-zaczyna-sie-po-55\/\",\"name\":\"\u017bycie zaczyna si\u0119 po 55 - Stowarzyszenie Nautica\",\"isPartOf\":{\"@id\":\"https:\/\/stowarzyszenienautica.pl\/#website\"},\"datePublished\":\"2025-11-26T13:44:50+00:00\",\"dateModified\":\"2025-12-22T10:33:15+00:00\",\"breadcrumb\":{\"@id\":\"https:\/\/stowarzyszenienautica.pl\/zycie-zaczyna-sie-po-55\/#breadcrumb\"},\"inLanguage\":\"en-GB\",\"potentialAction\":[{\"@type\":\"ReadAction\",\"target\":[\"https:\/\/stowarzyszenienautica.pl\/zycie-zaczyna-sie-po-55\/\"]}]},{\"@type\":\"BreadcrumbList\",\"@id\":\"https:\/\/stowarzyszenienautica.pl\/zycie-zaczyna-sie-po-55\/#breadcrumb\",\"itemListElement\":[{\"@type\":\"ListItem\",\"position\":1,\"name\":\"Strona g\u0142\u00f3wna\",\"item\":\"https:\/\/stowarzyszenienautica.pl\/\"},{\"@type\":\"ListItem\",\"position\":2,\"name\":\"\u017bycie zaczyna si\u0119 po 55\"}]},{\"@type\":\"WebSite\",\"@id\":\"https:\/\/stowarzyszenienautica.pl\/#website\",\"url\":\"https:\/\/stowarzyszenienautica.pl\/\",\"name\":\"Stowarzyszenie Nautica\",\"description\":\"Bariery s\u0105 tylko na powierzchni\",\"potentialAction\":[{\"@type\":\"SearchAction\",\"target\":{\"@type\":\"EntryPoint\",\"urlTemplate\":\"https:\/\/stowarzyszenienautica.pl\/?s={search_term_string}\"},\"query-input\":{\"@type\":\"PropertyValueSpecification\",\"valueRequired\":true,\"valueName\":\"search_term_string\"}}],\"inLanguage\":\"en-GB\"}]}<\/script>\n<!-- \/ Yoast SEO plugin. -->","yoast_head_json":{"title":"\u017bycie zaczyna si\u0119 po 55 - Stowarzyszenie Nautica","robots":{"index":"index","follow":"follow","max-snippet":"max-snippet:-1","max-image-preview":"max-image-preview:large","max-video-preview":"max-video-preview:-1"},"canonical":"https:\/\/stowarzyszenienautica.pl\/en\/zycie-zaczyna-sie-po-55\/","og_locale":"en_GB","og_type":"article","og_title":"\u017bycie zaczyna si\u0119 po 55 - Stowarzyszenie Nautica","og_description":"Divi List Grid Design - 31[digr_divi_list_grid_item use_icon=\"on\" font_icon=\"&#xf785;||fa||400\" icon_size=\"28px\" icon_vertical_alignment=\"middle\" use_shape=\"on\" shape_pattern=\"diamond\" shape_size=\"54px\" shape_icon_line_height=\"47px\" shape_color=\"#2023b0\" shape_border_color=\"#2023b0\" shape_border_width=\"1px\" title=\"Pellentesque felis\" shape_background_color_bgcolor=\"#FFFFFF\" content_padding=\"0px||||false|false\" badge_container_padding=\"||||false|false\" image_icon_container_margin=\"-50px||||false|false\" _builder_version=\"4.18.0\" _module_preset=\"default\" transform_translate_linked__hover=\"off\" border_width_all_image=\"1px\" border_style_all_image=\"none\" global_colors_info=\"{}\" shape_background_color__hover_enabled=\"on|hover\"&hellip; Kontynuuj czytanie ListGrid Design-31","og_url":"https:\/\/stowarzyszenienautica.pl\/en\/zycie-zaczyna-sie-po-55\/","og_site_name":"Stowarzyszenie Nautica","article_modified_time":"2025-12-22T10:33:15+00:00","twitter_card":"summary_large_image","schema":{"@context":"https:\/\/schema.org","@graph":[{"@type":"WebPage","@id":"https:\/\/stowarzyszenienautica.pl\/zycie-zaczyna-sie-po-55\/","url":"https:\/\/stowarzyszenienautica.pl\/zycie-zaczyna-sie-po-55\/","name":"\u017bycie zaczyna si\u0119 po 55 - Stowarzyszenie Nautica","isPartOf":{"@id":"https:\/\/stowarzyszenienautica.pl\/#website"},"datePublished":"2025-11-26T13:44:50+00:00","dateModified":"2025-12-22T10:33:15+00:00","breadcrumb":{"@id":"https:\/\/stowarzyszenienautica.pl\/zycie-zaczyna-sie-po-55\/#breadcrumb"},"inLanguage":"en-GB","potentialAction":[{"@type":"ReadAction","target":["https:\/\/stowarzyszenienautica.pl\/zycie-zaczyna-sie-po-55\/"]}]},{"@type":"BreadcrumbList","@id":"https:\/\/stowarzyszenienautica.pl\/zycie-zaczyna-sie-po-55\/#breadcrumb","itemListElement":[{"@type":"ListItem","position":1,"name":"Strona g\u0142\u00f3wna","item":"https:\/\/stowarzyszenienautica.pl\/"},{"@type":"ListItem","position":2,"name":"\u017bycie zaczyna si\u0119 po 55"}]},{"@type":"WebSite","@id":"https:\/\/stowarzyszenienautica.pl\/#website","url":"https:\/\/stowarzyszenienautica.pl\/","name":"Stowarzyszenie Nautica","description":"Bariery s\u0105 tylko na powierzchni","potentialAction":[{"@type":"SearchAction","target":{"@type":"EntryPoint","urlTemplate":"https:\/\/stowarzyszenienautica.pl\/?s={search_term_string}"},"query-input":{"@type":"PropertyValueSpecification","valueRequired":true,"valueName":"search_term_string"}}],"inLanguage":"en-GB"}]}},"_links":{"self":[{"href":"https:\/\/stowarzyszenienautica.pl\/en\/wp-json\/wp\/v2\/pages\/250895","targetHints":{"allow":["GET"]}}],"collection":[{"href":"https:\/\/stowarzyszenienautica.pl\/en\/wp-json\/wp\/v2\/pages"}],"about":[{"href":"https:\/\/stowarzyszenienautica.pl\/en\/wp-json\/wp\/v2\/types\/page"}],"author":[{"embeddable":true,"href":"https:\/\/stowarzyszenienautica.pl\/en\/wp-json\/wp\/v2\/users\/1"}],"replies":[{"embeddable":true,"href":"https:\/\/stowarzyszenienautica.pl\/en\/wp-json\/wp\/v2\/comments?post=250895"}],"version-history":[{"count":6,"href":"https:\/\/stowarzyszenienautica.pl\/en\/wp-json\/wp\/v2\/pages\/250895\/revisions"}],"predecessor-version":[{"id":250953,"href":"https:\/\/stowarzyszenienautica.pl\/en\/wp-json\/wp\/v2\/pages\/250895\/revisions\/250953"}],"wp:attachment":[{"href":"https:\/\/stowarzyszenienautica.pl\/en\/wp-json\/wp\/v2\/media?parent=250895"}],"curies":[{"name":"wp","href":"https:\/\/api.w.org\/{rel}","templated":true}]}}